{"id":59,"date":"2025-10-09T08:59:07","date_gmt":"2025-10-09T08:59:07","guid":{"rendered":"https:\/\/koolekidz.de\/startseite\/?page_id=59"},"modified":"2026-03-12T09:41:39","modified_gmt":"2026-03-12T09:41:39","slug":"zum-projekt","status":"publish","type":"page","link":"https:\/\/koolekidz.de\/startseite\/zum-projekt\/","title":{"rendered":"Zum Projekt"},"content":{"rendered":"\n<div class=\"wp-block-group alignfull is-style-section-4 has-global-padding is-layout-constrained wp-block-group-is-layout-constrained is-style-section-4--1\" style=\"margin-top:0;margin-bottom:0;padding-top:var(--wp--preset--spacing--60);padding-bottom:var(--wp--preset--spacing--60)\">\n<div class=\"wp-block-columns alignwide is-layout-flex wp-container-core-columns-is-layout-643ced6b wp-block-columns-is-layout-flex\">\n<div class=\"wp-block-column is-layout-flow wp-block-column-is-layout-flow\" style=\"flex-basis:40%\">\n<figure class=\"wp-block-image size-large\"><img loading=\"lazy\" decoding=\"async\" width=\"1024\" height=\"576\" src=\"https:\/\/koolekidz.de\/wp-content\/uploads\/2025\/10\/DSC2717-1024x576.jpg\" alt=\"\" class=\"wp-image-60\" srcset=\"https:\/\/koolekidz.de\/wp-content\/uploads\/2025\/10\/DSC2717-1024x576.jpg 1024w, https:\/\/koolekidz.de\/wp-content\/uploads\/2025\/10\/DSC2717-300x169.jpg 300w, https:\/\/koolekidz.de\/wp-content\/uploads\/2025\/10\/DSC2717-768x432.jpg 768w, https:\/\/koolekidz.de\/wp-content\/uploads\/2025\/10\/DSC2717-1536x864.jpg 1536w, https:\/\/koolekidz.de\/wp-content\/uploads\/2025\/10\/DSC2717-2048x1152.jpg 2048w\" sizes=\"auto, (max-width: 1024px) 100vw, 1024px\" \/><\/figure>\n<\/div>\n\n\n\n<div class=\"wp-block-column is-vertically-aligned-center is-layout-flow wp-container-core-column-is-layout-119bc444 wp-block-column-is-layout-flow\" style=\"flex-basis:60%\">\n<h1 class=\"wp-block-heading has-base-color has-text-color has-link-color has-xx-large-font-size wp-elements-821d97dee285bf7d20c99825c31a0320\">\u00dcberblick<\/h1>\n\n\n\n<p class=\"has-base-color has-text-color has-link-color wp-elements-cf213639f75fd8cc86fe2cf3df9302b7\">Das Koole Kidz-Projekt richtet sich an Sch\u00fclerinnen und Sch\u00fcler im Schulamtsbezirk Kreis Bergstra\u00dfe, die an ihren Regelschulen durch komplex auff\u00e4llige Verhaltensweisen nicht mehr haltbar sind. In der tempor\u00e4ren Lerngruppe der Koolen Kidz erhalten sie eine intensive und gezielte Betreuung und F\u00f6rderung, um in einer begrenzten Zeit (max. ein Jahr) ihre Lern- und Sozialkompetenzen mit Unterst\u00fctzung eines multiprofessionellen Teams bearbeiten und stabilisieren zu k\u00f6nnen. Ziel hierbei ist immer, dass die Sch\u00fclerinnen und Sch\u00fcler wieder in das schulische System reintegriert werden. Sie bleiben Sch\u00fcler\/Sch\u00fclerin der Stammschule. Der Prozess der Reintegration hat gro\u00dfe Bedeutung und wird ebenfalls eng durch die Lerngruppenmitarbeiterinnen und -mitarbeiter sowie die schulischen HELP-Kr\u00e4fte\/Schulsozialarbeit vorbereitet und begleitet.<\/p>\n<\/div>\n<\/div>\n<\/div>\n\n\n\n<div class=\"wp-block-group alignfull is-style-default has-global-padding is-layout-constrained wp-block-group-is-layout-constrained\" style=\"margin-top:0;margin-bottom:0;padding-top:var(--wp--preset--spacing--50);padding-bottom:var(--wp--preset--spacing--50)\">\n<div class=\"wp-block-columns alignwide is-layout-flex wp-container-core-columns-is-layout-7ee84d44 wp-block-columns-is-layout-flex\">\n<div class=\"wp-block-column is-vertically-aligned-center is-layout-flow wp-block-column-is-layout-flow\" style=\"flex-basis:50%\">\n<h1 class=\"wp-block-heading\"><br>Aufnahmekriterien\t\t<\/h1>\n\n\n\n<p>Das Angebot richtet sich in der Regel an Sch\u00fclerinnen und Sch\u00fcler der Jahrgangsstufen 5-8<\/p>\n\n\n\n<p class=\"is-style-default\">Ein Antrag auf Schulverweis oder das Ruhen der Schulpflicht liegt vor oder steht an.<\/p>\n\n\n\n<p>Es handelt sich um Sch\u00fclerinnen und Sch\u00fcler unterschiedlicher Altersgruppen ohne Anspruch auf sonderp\u00e4dagogische F\u00f6rderung, denen eine Teilhabe am regul\u00e4ren Schulalltag nicht mehr m\u00f6glich ist.<\/p>\n\n\n\n<p>S\u00e4mtliche alternative Unterst\u00fctzungsangebote (UBUS, HELP\/Schulsozialarbeit, multiprofessionelles Team, Schulpsychologie) wurden vorab installiert, konnten aber bisher keinen langfristigen Erfolg erzielen.<\/p>\n\n\n\n<p>Die Aufnahme in Koole Kidz erfolgt in Abstimmung mit dem Staatlichen Schulamt (Schulpsychologie, besondere Sch\u00fclerangelegenheiten) und der zust\u00e4ndigen (bestehenden) Lerngruppe (z.B. nach erfolgtem Schulverweis). Die Teilnehmenden bleiben Sch\u00fclerinnen und Sch\u00fcler der Stammschulen.<\/p>\n\n\n\n<p>Notwendig ist ebenfalls die Zustimmung der Erziehungsberechtigten, die mit der Einwilligung der Ma\u00dfnahme sich auch bereiterkl\u00e4ren, im Rahmen der Elternarbeit mitzuwirken und regelm\u00e4\u00dfige Termine mit den Lerngruppenmitarbeiter*innen wahrzunehmen (Erziehungsvereinbarung).<\/p>\n\n\n\n<p>Die Gruppengr\u00f6\u00dfe betr\u00e4gt maximal 6-8 Kinder bzw. Jugendliche.<\/p>\n<\/div>\n\n\n\n<div class=\"wp-block-column is-vertically-aligned-center is-layout-flow wp-block-column-is-layout-flow\" style=\"flex-basis:50%\">\n<figure class=\"wp-block-image size-full\"><img loading=\"lazy\" decoding=\"async\" width=\"2560\" height=\"1440\" src=\"https:\/\/koolekidz.de\/wp-content\/uploads\/2025\/10\/DSC2673-scaled.jpg\" alt=\"\" class=\"wp-image-61\" style=\"aspect-ratio:1;object-fit:cover\" srcset=\"https:\/\/koolekidz.de\/wp-content\/uploads\/2025\/10\/DSC2673-scaled.jpg 2560w, https:\/\/koolekidz.de\/wp-content\/uploads\/2025\/10\/DSC2673-300x169.jpg 300w, https:\/\/koolekidz.de\/wp-content\/uploads\/2025\/10\/DSC2673-1024x576.jpg 1024w, https:\/\/koolekidz.de\/wp-content\/uploads\/2025\/10\/DSC2673-768x432.jpg 768w, https:\/\/koolekidz.de\/wp-content\/uploads\/2025\/10\/DSC2673-1536x864.jpg 1536w, https:\/\/koolekidz.de\/wp-content\/uploads\/2025\/10\/DSC2673-2048x1152.jpg 2048w\" sizes=\"auto, (max-width: 2560px) 100vw, 2560px\" \/><\/figure>\n<\/div>\n<\/div>\n<\/div>\n\n\n\n<div class=\"wp-block-group alignfull is-style-section-4 has-base-color has-text-color has-link-color wp-elements-7a79cbef23014914e93d6224012f4b16 has-global-padding is-layout-constrained wp-block-group-is-layout-constrained is-style-section-4--2\" style=\"margin-top:0;margin-bottom:0;padding-top:var(--wp--preset--spacing--60);padding-bottom:var(--wp--preset--spacing--60)\">\n<div class=\"wp-block-columns alignwide is-layout-flex wp-container-core-columns-is-layout-643ced6b wp-block-columns-is-layout-flex\">\n<div class=\"wp-block-column is-layout-flow wp-block-column-is-layout-flow\" style=\"flex-basis:40%\">\n<figure class=\"wp-block-image size-large\"><img loading=\"lazy\" decoding=\"async\" width=\"1024\" height=\"576\" src=\"https:\/\/koolekidz.de\/wp-content\/uploads\/2025\/10\/DSC2469-1024x576.jpg\" alt=\"\" class=\"wp-image-62\" srcset=\"https:\/\/koolekidz.de\/wp-content\/uploads\/2025\/10\/DSC2469-1024x576.jpg 1024w, https:\/\/koolekidz.de\/wp-content\/uploads\/2025\/10\/DSC2469-300x169.jpg 300w, https:\/\/koolekidz.de\/wp-content\/uploads\/2025\/10\/DSC2469-768x432.jpg 768w, https:\/\/koolekidz.de\/wp-content\/uploads\/2025\/10\/DSC2469-1536x864.jpg 1536w, https:\/\/koolekidz.de\/wp-content\/uploads\/2025\/10\/DSC2469-2048x1152.jpg 2048w\" sizes=\"auto, (max-width: 1024px) 100vw, 1024px\" \/><\/figure>\n<\/div>\n\n\n\n<div class=\"wp-block-column is-vertically-aligned-center is-layout-flow wp-container-core-column-is-layout-119bc444 wp-block-column-is-layout-flow\" style=\"flex-basis:60%\">\n<h1 class=\"wp-block-heading has-base-color has-text-color has-link-color has-xx-large-font-size wp-elements-8af65277201c84b75696e5246592737b\">Ziele<\/h1>\n\n\n\n<p class=\"has-base-color has-text-color has-link-color wp-elements-8747a7de92109a502f0b04ba8cf5d3f1\"><strong>Die Situation beruhigt sich<\/strong><\/p>\n\n\n\n<ul class=\"wp-block-list\">\n<li>Die Sch\u00fclerin\/der Sch\u00fcler kann positive Lernerfahrungen jenseits des festgelegten Rollenbildes machen.<\/li>\n\n\n\n<li>Sie\/er zeigt sich anders.&nbsp;&nbsp;<\/li>\n\n\n\n<li>Das unvoreingenommene Umfeld erm\u00f6glicht Freude am Lernen.<\/li>\n\n\n\n<li>Die Klasse kann zur Ruhe kommen.<\/li>\n<\/ul>\n\n\n\n<p><strong>Alle lernen etwas Neues hinzu<\/strong><\/p>\n\n\n\n<ul class=\"wp-block-list\">\n<li>Das unvoreingenommene Umfeld erm\u00f6glicht Freude am Lernen und sich neu zu zeigen.<\/li>\n\n\n\n<li>Die Lehrkr\u00e4fte haben Raum f\u00fcr Kl\u00e4rung und Reflexion.<\/li>\n<\/ul>\n\n\n\n<p><strong>Ein Neustart wird m\u00f6glich<\/strong><\/p>\n\n\n\n<ul class=\"wp-block-list\">\n<li>Das Kind kann in den Unterricht zur\u00fcckkehren.<\/li>\n\n\n\n<li>Die R\u00fcckkehr wird begleitet.<\/li>\n<\/ul>\n\n\n\n<p><strong>Weitere Ziele:<\/strong><\/p>\n\n\n\n<p>Lernbereitschaft<\/p>\n\n\n\n<ul class=\"wp-block-list\">\n<li>Steigerung der Konzentration<\/li>\n\n\n\n<li>Anstrengungsbereitschaft<\/li>\n\n\n\n<li>Vermittlung positiver Lernerfahrungen<\/li>\n\n\n\n<li>Teilnahme am schulischen Unterricht<\/li>\n<\/ul>\n\n\n\n<p>Soziale Kompetenzen<\/p>\n\n\n\n<ul class=\"wp-block-list\">\n<li>Frustrationstoleranz<\/li>\n\n\n\n<li>angemessener Umgang mit Anderen<\/li>\n<\/ul>\n\n\n\n<p>Lebenskompetenzen<\/p>\n\n\n\n<ul class=\"wp-block-list\">\n<li>Gewaltpr\u00e4vention<\/li>\n\n\n\n<li>Anbindung im Sozialraum<\/li>\n\n\n\n<li>Berufsorientierung<\/li>\n<\/ul>\n<\/div>\n<\/div>\n<\/div>\n\n\n\n<div class=\"wp-block-group alignfull is-style-default has-global-padding is-layout-constrained wp-block-group-is-layout-constrained\" style=\"margin-top:0;margin-bottom:0;padding-top:var(--wp--preset--spacing--50);padding-bottom:var(--wp--preset--spacing--50)\">\n<div class=\"wp-block-columns alignwide is-layout-flex wp-container-core-columns-is-layout-7ee84d44 wp-block-columns-is-layout-flex\">\n<div class=\"wp-block-column is-vertically-aligned-center is-layout-flow wp-block-column-is-layout-flow\" style=\"flex-basis:50%\">\n<h1 class=\"wp-block-heading\">Zusammen Ziele erreichen<\/h1>\n\n\n\n<p class=\"is-style-default\">Die Koole Kidz werden durch ein tolles multiprofessionelles Team aus Lehrkr\u00e4ften und Sozialp\u00e4dagogen unterst\u00fctzt. Es besteht ein regelm\u00e4\u00dfiger Austausch mit der Schulpsychologie und dem Jugendamt, um alle Unterst\u00fctzungsm\u00f6glichkeiten auszusch\u00f6pfen. &nbsp;<\/p>\n\n\n\n<p><strong>Zusammenarbeit mit der Stammschule<\/strong><\/p>\n\n\n\n<ul class=\"wp-block-list\">\n<li>Netzwerkarbeit im bestehenden Helfersystem (regelm\u00e4\u00dfige gemeinsame F\u00f6rder- und Hilfeplanung)<\/li>\n\n\n\n<li>Kooperation mit den schulischen HELP-Kr\u00e4ften\/Schulsozialarbeit sowie den Klassenlehrkr\u00e4ften<\/li>\n\n\n\n<li>Entlastung der famili\u00e4ren Situation durch Elternarbeit und Kooperation mit dem Jugendamt, so dass bei Notwendigkeit weitere Hilfen durch das Jugendamt angeboten\/initiiert werden k\u00f6nnen<\/li>\n\n\n\n<li>lernendes System Schule durch die Erfahrungen des Teams Koole Kidz<\/li>\n<\/ul>\n\n\n\n<p><strong>Unterst\u00fctzung und Evaluation<\/strong><\/p>\n\n\n\n<ul class=\"wp-block-list\">\n<li>Evaluation (durch Universit\u00e4ten)<\/li>\n\n\n\n<li>Design Thinking (Hopp) zur Konzeptentwicklung und Weiterentwicklung<\/li>\n\n\n\n<li>Team Gesundheitspr\u00e4vention des Kreises Bergstra\u00dfe (Zolg\/Niestroj) bereit, Projekte zu unterst\u00fctzen<\/li>\n\n\n\n<li>F3: Fit for future k\u00f6nnen Kontakte zu B\u00fcrst\u00e4dter Betrieben vermitteln<\/li>\n<\/ul>\n<\/div>\n\n\n\n<div class=\"wp-block-column is-vertically-aligned-center is-layout-flow wp-block-column-is-layout-flow\" style=\"flex-basis:50%\">\n<figure class=\"wp-block-image size-full\"><img loading=\"lazy\" decoding=\"async\" width=\"640\" height=\"360\" src=\"https:\/\/koolekidz.de\/wp-content\/uploads\/2025\/10\/DSC2440.jpeg\" alt=\"\" class=\"wp-image-74\" srcset=\"https:\/\/koolekidz.de\/wp-content\/uploads\/2025\/10\/DSC2440.jpeg 640w, https:\/\/koolekidz.de\/wp-content\/uploads\/2025\/10\/DSC2440-300x169.jpeg 300w\" sizes=\"auto, (max-width: 640px) 100vw, 640px\" \/><\/figure>\n<\/div>\n<\/div>\n<\/div>\n\n\n\n<div class=\"wp-block-group alignfull is-style-section-4 has-base-color has-text-color has-link-color wp-elements-2df20169df84c336ec26f028ef8eaedf has-global-padding is-layout-constrained wp-block-group-is-layout-constrained is-style-section-4--3\" style=\"margin-top:0;margin-bottom:0;padding-top:var(--wp--preset--spacing--60);padding-bottom:var(--wp--preset--spacing--60)\">\n<div class=\"wp-block-columns alignwide is-layout-flex wp-container-core-columns-is-layout-643ced6b wp-block-columns-is-layout-flex\">\n<div class=\"wp-block-column is-layout-flow wp-block-column-is-layout-flow\" style=\"flex-basis:40%\">\n<figure class=\"wp-block-image size-full\"><img loading=\"lazy\" decoding=\"async\" width=\"640\" height=\"360\" src=\"https:\/\/koolekidz.de\/wp-content\/uploads\/2025\/10\/DSC08570.jpeg\" alt=\"\" class=\"wp-image-75\" srcset=\"https:\/\/koolekidz.de\/wp-content\/uploads\/2025\/10\/DSC08570.jpeg 640w, https:\/\/koolekidz.de\/wp-content\/uploads\/2025\/10\/DSC08570-300x169.jpeg 300w\" sizes=\"auto, (max-width: 640px) 100vw, 640px\" \/><\/figure>\n<\/div>\n\n\n\n<div class=\"wp-block-column is-vertically-aligned-center is-layout-flow wp-container-core-column-is-layout-119bc444 wp-block-column-is-layout-flow\" style=\"flex-basis:60%\">\n<h2 class=\"wp-block-heading has-base-color has-text-color has-link-color has-xx-large-font-size wp-elements-d5655030d3f596b387e5991a85208533\">Methoden<\/h2>\n\n\n\n<ul class=\"wp-block-list\">\n<li>Einzelarbeit<\/li>\n\n\n\n<li>Gruppenarbeit<\/li>\n\n\n\n<li>Elternarbeit \/ Familienarbeit<\/li>\n\n\n\n<li>Erlebnisp\u00e4dagogik<\/li>\n\n\n\n<li>ETEP<\/li>\n\n\n\n<li>Elemente aus dem Projekt Familienklasse Hausbesuche<\/li>\n\n\n\n<li>Elternseminare<\/li>\n\n\n\n<li>Besuche in der Stammklasse<\/li>\n<\/ul>\n<\/div>\n<\/div>\n<\/div>\n\n\n\n<div class=\"wp-block-group alignfull is-style-default has-global-padding is-layout-constrained wp-block-group-is-layout-constrained\" style=\"margin-top:0;margin-bottom:0;padding-top:var(--wp--preset--spacing--50);padding-bottom:var(--wp--preset--spacing--50)\">\n<div class=\"wp-block-columns alignwide is-layout-flex wp-container-core-columns-is-layout-7ee84d44 wp-block-columns-is-layout-flex\">\n<div class=\"wp-block-column is-vertically-aligned-center is-layout-flow wp-block-column-is-layout-flow\" style=\"flex-basis:80%\">\n<h1 class=\"wp-block-heading\">Wo?<\/h1>\n\n\n\n<p>Aktuell vertreten sind die Koolen Kidz im<\/p>\n\n\n\n<p class=\"is-style-default\"><strong>ISB West &nbsp;&nbsp;&nbsp;&nbsp;&nbsp;<\/strong>&nbsp;&nbsp; <\/p>\n\n\n\n<p class=\"is-style-default\">Jugendhaus B\u00fcrstadt, Nibelungenstr. 199a, 68642 B\u00fcrstadt (unmittelbar benachbart zum Bildungs- und Sportcampus mit Freilufthalle, Ninjaparcours und weiteren unz\u00e4hligen Sport- und Bewegungsm\u00f6glichkeiten)<\/p>\n\n\n\n<figure class=\"wp-block-image size-full\"><img loading=\"lazy\" decoding=\"async\" width=\"485\" height=\"256\" src=\"https:\/\/koolekidz.de\/wp-content\/uploads\/2025\/10\/Unbenannt.png\" alt=\"\" class=\"wp-image-76\" srcset=\"https:\/\/koolekidz.de\/wp-content\/uploads\/2025\/10\/Unbenannt.png 485w, https:\/\/koolekidz.de\/wp-content\/uploads\/2025\/10\/Unbenannt-300x158.png 300w\" sizes=\"auto, (max-width: 485px) 100vw, 485px\" \/><\/figure>\n\n\n\n<p>Weitere Zentren sind in Planung.<\/p>\n<\/div>\n<\/div>\n\n\n\n<hr class=\"wp-block-separator has-alpha-channel-opacity\"\/>\n<\/div>\n\n\n\n<div class=\"wp-block-group alignfull is-style-default has-global-padding is-layout-constrained wp-block-group-is-layout-constrained\" style=\"margin-top:0;margin-bottom:0;padding-top:var(--wp--preset--spacing--50);padding-bottom:var(--wp--preset--spacing--50)\">\n<div class=\"wp-block-columns alignwide is-layout-flex wp-container-core-columns-is-layout-7ee84d44 wp-block-columns-is-layout-flex\">\n<div class=\"wp-block-column is-vertically-aligned-center is-layout-flow wp-block-column-is-layout-flow\" style=\"flex-basis:50%\">\n<h1 class=\"wp-block-heading\">Flyer f\u00fcr Lehrkr\u00e4fte<\/h1>\n\n\n\n<div data-wp-interactive=\"core\/file\" class=\"wp-block-file\"><object data-wp-bind--hidden=\"!state.hasPdfPreview\" hidden class=\"wp-block-file__embed\" data=\"https:\/\/koolekidz.de\/wp-content\/uploads\/2025\/10\/Koole-Kidz-Flyer-Lehrkraefte.pdf\" type=\"application\/pdf\" style=\"width:100%;height:410px\" aria-label=\"Einbettung von Koole Kidz Flyer Lehrkra\u0308fte.\"><\/object><a id=\"wp-block-file--media-8926b431-81ea-439f-9509-182a98753abf\" href=\"https:\/\/koolekidz.de\/wp-content\/uploads\/2025\/10\/Koole-Kidz-Flyer-Lehrkraefte.pdf\">Koole Kidz Flyer Lehrkra\u0308fte<\/a><a href=\"https:\/\/koolekidz.de\/wp-content\/uploads\/2025\/10\/Koole-Kidz-Flyer-Lehrkraefte.pdf\" class=\"wp-block-file__button wp-element-button\" download aria-describedby=\"wp-block-file--media-8926b431-81ea-439f-9509-182a98753abf\">Herunterladen<\/a><\/div>\n<\/div>\n\n\n\n<div class=\"wp-block-column is-layout-flow wp-block-column-is-layout-flow\" style=\"flex-basis:50%\">\n<h2 class=\"wp-block-heading has-xx-large-font-size\">Flyer f\u00fcr Eltern<\/h2>\n\n\n\n<div data-wp-interactive=\"core\/file\" class=\"wp-block-file\"><object data-wp-bind--hidden=\"!state.hasPdfPreview\" hidden class=\"wp-block-file__embed\" data=\"https:\/\/koolekidz.de\/wp-content\/uploads\/2026\/03\/Koole-Kidz-Flyer-Eltern.pdf\" type=\"application\/pdf\" style=\"width:100%;height:410px\" aria-label=\"Einbettung von Koole Kidz Flyer Eltern.\"><\/object><a id=\"wp-block-file--media-28e5b5d8-fbde-45c5-9bd1-12f58e877f9a\" href=\"https:\/\/koolekidz.de\/wp-content\/uploads\/2026\/03\/Koole-Kidz-Flyer-Eltern.pdf\">Koole Kidz Flyer Eltern<\/a><a href=\"https:\/\/koolekidz.de\/wp-content\/uploads\/2026\/03\/Koole-Kidz-Flyer-Eltern.pdf\" class=\"wp-block-file__button wp-element-button\" download aria-describedby=\"wp-block-file--media-28e5b5d8-fbde-45c5-9bd1-12f58e877f9a\">Herunterladen<\/a><\/div>\n<\/div>\n<\/div>\n\n\n\n<hr class=\"wp-block-separator has-alpha-channel-opacity\"\/>\n<\/div>\n\n\n\n<div class=\"wp-block-columns is-layout-flex wp-container-core-columns-is-layout-28f84493 wp-block-columns-is-layout-flex\">\n<div class=\"wp-block-column is-layout-flow wp-block-column-is-layout-flow\" style=\"flex-basis:100%\"><\/div>\n<\/div>\n\n\n\n<aside class=\"wp-block-group alignfull is-style-section-3 has-base-background-color has-background has-global-padding is-layout-constrained wp-container-core-group-is-layout-f0f2a97b wp-block-group-is-layout-constrained is-style-section-3--4\" style=\"margin-top:0;margin-bottom:0;padding-top:var(--wp--preset--spacing--50);padding-right:var(--wp--preset--spacing--50);padding-bottom:var(--wp--preset--spacing--50);padding-left:var(--wp--preset--spacing--50)\">\n<div class=\"wp-block-group is-vertical is-content-justification-center is-layout-flex wp-container-core-group-is-layout-8778ca4a wp-block-group-is-layout-flex\" style=\"min-height:360px;margin-top:0;margin-bottom:0\">\n<h2 class=\"wp-block-heading has-text-align-center has-xx-large-font-size\">Ansprechpartnerin:<\/h2>\n\n\n\n<p>Stephanie Dekker<\/p>\n\n\n\n<p class=\"has-text-align-center\">Staatliches Schulamt f\u00fcr den Landkreis Bergstra\u00dfe und den Odenwaldkreis<br>Tel.:&nbsp;+49 179 7945474<br>E-Mail:&nbsp;<a href=\"mailto:Stephanie.Dekker@kultus.hessen.de\">Stephanie.Dekker@kultus.hessen.de<\/a><\/p>\n<\/div>\n<\/aside>\n","protected":false},"excerpt":{"rendered":"<p>\u00dcberblick Das Koole Kidz-Projekt richtet sich an Sch\u00fclerinnen und Sch\u00fcler im Schulamtsbezirk Kreis Bergstra\u00dfe, die an ihren Regelschulen durch komplex auff\u00e4llige Verhaltensweisen nicht mehr haltbar sind. In der tempor\u00e4ren Lerngruppe der Koolen Kidz erhalten sie eine intensive und gezielte Betreuung und F\u00f6rderung, um in einer begrenzten Zeit (max. ein Jahr) ihre Lern- und Sozialkompetenzen mit [&hellip;]<\/p>\n","protected":false},"author":1,"featured_media":0,"parent":0,"menu_order":0,"comment_status":"closed","ping_status":"closed","template":"","meta":{"footnotes":""},"class_list":["post-59","page","type-page","status-publish","hentry"],"_links":{"self":[{"href":"https:\/\/koolekidz.de\/startseite\/wp-json\/wp\/v2\/pages\/59","targetHints":{"allow":["GET"]}}],"collection":[{"href":"https:\/\/koolekidz.de\/startseite\/wp-json\/wp\/v2\/pages"}],"about":[{"href":"https:\/\/koolekidz.de\/startseite\/wp-json\/wp\/v2\/types\/page"}],"author":[{"embeddable":true,"href":"https:\/\/koolekidz.de\/startseite\/wp-json\/wp\/v2\/users\/1"}],"replies":[{"embeddable":true,"href":"https:\/\/koolekidz.de\/startseite\/wp-json\/wp\/v2\/comments?post=59"}],"version-history":[{"count":10,"href":"https:\/\/koolekidz.de\/startseite\/wp-json\/wp\/v2\/pages\/59\/revisions"}],"predecessor-version":[{"id":132,"href":"https:\/\/koolekidz.de\/startseite\/wp-json\/wp\/v2\/pages\/59\/revisions\/132"}],"wp:attachment":[{"href":"https:\/\/koolekidz.de\/startseite\/wp-json\/wp\/v2\/media?parent=59"}],"curies":[{"name":"wp","href":"https:\/\/api.w.org\/{rel}","templated":true}]}}