{"id":23,"date":"2025-06-25T14:54:21","date_gmt":"2025-06-25T14:54:21","guid":{"rendered":"https:\/\/koolekidz.de\/?page_id=23"},"modified":"2026-01-22T17:13:55","modified_gmt":"2026-01-22T17:13:55","slug":"impressum","status":"publish","type":"page","link":"https:\/\/koolekidz.de\/startseite\/impressum\/","title":{"rendered":"Impressum"},"content":{"rendered":"\n<div class=\"wp-block-columns is-layout-flex wp-container-core-columns-is-layout-28f84493 wp-block-columns-is-layout-flex\">\n<div class=\"wp-block-column is-layout-flow wp-block-column-is-layout-flow\" style=\"flex-basis:100%\">\nAngaben gem\u00e4\u00df \u00a7 5 DDG<\/p><p>F\u00f6rderverein f\u00fcr die Koolen Kidz im Schulamtsbezirk Bergstra\u00dfe-Odenwald e.V.<br> \nKnodener Str. 14a<br> \n64686 Lautertal<br> \n<\/p><p> <strong>Vertreten durch den Vorstand: <\/strong><br>\nStefanie Kollmar (1. Vorsitzende)<br><a href=\"mailto:info@koolekidz.de\">info@koolekidz.de<\/a><br>\n<\/p><p><strong>Registereintrag: <\/strong><br>\nEintragung im Vereinsregister.<br>\nRegistergericht: Darmstadt<br>\nRegisternummer: VR85068<br><\/p><p><strong>Verantwortlich f\u00fcr den Inhalt nach \u00a7 18 Abs. 2 MStV:<\/strong><br>\nDr. Lukas Mundelsee<br> \nWingertspfad 10<br> \n69124 Heidelberg<br><\/p> <p><strong>Haftungsausschluss: <\/strong><br><br><strong>Haftung f\u00fcr Inhalte<\/strong><br><br>\nDie Inhalte unserer Seiten wurden mit gr\u00f6\u00dfter Sorgfalt erstellt. F\u00fcr die Richtigkeit, Vollst\u00e4ndigkeit und Aktualit\u00e4t der Inhalte k\u00f6nnen wir jedoch keine Gew\u00e4hr \u00fcbernehmen. Als Diensteanbieter sind wir gem\u00e4\u00df \u00a7 7 Abs.1 DDG f\u00fcr eigene Inhalte auf diesen Seiten nach den allgemeinen Gesetzen verantwortlich. Nach \u00a7\u00a7 8 bis 10 DDG sind wir als Diensteanbieter jedoch nicht verpflichtet, \u00fcbermittelte oder gespeicherte fremde Informationen zu \u00fcberwachen oder nach Umst\u00e4nden zu forschen, die auf eine rechtswidrige T\u00e4tigkeit hinweisen. Verpflichtungen zur Entfernung oder Sperrung der Nutzung von Informationen nach den allgemeinen Gesetzen bleiben hiervon unber\u00fchrt. Eine diesbez\u00fcgliche Haftung ist jedoch erst ab dem Zeitpunkt der Kenntnis einer konkreten Rechtsverletzung m\u00f6glich. Bei Bekanntwerden von entsprechenden Rechtsverletzungen werden wir diese Inhalte umgehend entfernen.<br><br><strong>Haftung f\u00fcr Links<\/strong><br><br>\nUnser Angebot enth\u00e4lt Links zu externen Webseiten Dritter, auf deren Inhalte wir keinen Einfluss haben. Deshalb k\u00f6nnen wir f\u00fcr diese fremden Inhalte auch keine Gew\u00e4hr \u00fcbernehmen. F\u00fcr die Inhalte der verlinkten Seiten ist stets der jeweilige Anbieter oder Betreiber der Seiten verantwortlich. Die verlinkten Seiten wurden zum Zeitpunkt der Verlinkung auf m\u00f6gliche Rechtsverst\u00f6\u00dfe \u00fcberpr\u00fcft. Rechtswidrige Inhalte waren zum Zeitpunkt der Verlinkung nicht erkennbar. Eine permanente inhaltliche Kontrolle der verlinkten Seiten ist jedoch ohne konkrete Anhaltspunkte einer Rechtsverletzung nicht zumutbar. Bei Bekanntwerden von Rechtsverletzungen werden wir derartige Links umgehend entfernen.<br><br><strong>Datenschutz<\/strong><br><br>\nDie Nutzung unserer Webseite ist in der Regel ohne Angabe personenbezogener Daten m\u00f6glich. Soweit auf unseren Seiten personenbezogene Daten (beispielsweise Name, Anschrift oder eMail-Adressen) erhoben werden, erfolgt dies, soweit m\u00f6glich, stets auf freiwilliger Basis. Diese Daten werden ohne Ihre ausdr\u00fcckliche Zustimmung nicht an Dritte weitergegeben. <br>\nWir weisen darauf hin, dass die Daten\u00fcbertragung im Internet (z.B. bei der Kommunikation per E-Mail) Sicherheitsl\u00fccken aufweisen kann. Ein l\u00fcckenloser Schutz der Daten vor dem Zugriff durch Dritte ist nicht m\u00f6glich. <br>\nDer Nutzung von im Rahmen der Impressumspflicht ver\u00f6ffentlichten Kontaktdaten durch Dritte zur \u00dcbersendung von nicht ausdr\u00fccklich angeforderter Werbung und Informationsmaterialien wird hiermit ausdr\u00fccklich widersprochen. Die Betreiber der Seiten behalten sich ausdr\u00fccklich rechtliche Schritte im Falle der unverlangten Zusendung von Werbeinformationen, etwa durch Spam-Mails, vor.<br>\n<\/p><br> \nImpressum von <a href=\"https:\/\/websitewissen.com\" rel=\"dofollow\">WebsiteWissen.com<\/a>, dem Ratgeber f\u00fcr <a href=\"https:\/\/websitewissen.com\/wordpress-website-erstellen\" rel=\"dofollow\">WordPress-Websites<\/a>, <a href=\"https:\/\/websitewissen.com\/wordpress-hosting-vergleich\" rel=\"dofollow\">WordPress-Hosting<\/a> und <a href=\"https:\/\/websitewissen.com\/website-kosten\" rel=\"dofollow\">Website-Kosten<\/a> nach einem Muster von <a href=\"https:\/\/www.kanzlei-hasselbach.de\/\" rel=\"dofollow\">Kanzlei Hasselbach Rechtsanw\u00e4lte<\/a>.\n<\/div>\n<\/div>\n\n\n\n<p><\/p>\n","protected":false},"excerpt":{"rendered":"<p>Angaben gem\u00e4\u00df \u00a7 5 DDG F\u00f6rderverein f\u00fcr die Koolen Kidz im Schulamtsbezirk Bergstra\u00dfe-Odenwald e.V. Knodener Str. 14a 64686 Lautertal Vertreten durch den Vorstand: Stefanie Kollmar (1. Vorsitzende)info@koolekidz.de Registereintrag: Eintragung im Vereinsregister. Registergericht: Darmstadt Registernummer: VR85068 Verantwortlich f\u00fcr den Inhalt nach \u00a7 18 Abs. 2 MStV: Dr. Lukas Mundelsee Wingertspfad 10 69124 Heidelberg Haftungsausschluss: Haftung f\u00fcr [&hellip;]<\/p>\n","protected":false},"author":1,"featured_media":0,"parent":0,"menu_order":0,"comment_status":"closed","ping_status":"closed","template":"","meta":{"footnotes":""},"class_list":["post-23","page","type-page","status-publish","hentry"],"_links":{"self":[{"href":"https:\/\/koolekidz.de\/startseite\/wp-json\/wp\/v2\/pages\/23","targetHints":{"allow":["GET"]}}],"collection":[{"href":"https:\/\/koolekidz.de\/startseite\/wp-json\/wp\/v2\/pages"}],"about":[{"href":"https:\/\/koolekidz.de\/startseite\/wp-json\/wp\/v2\/types\/page"}],"author":[{"embeddable":true,"href":"https:\/\/koolekidz.de\/startseite\/wp-json\/wp\/v2\/users\/1"}],"replies":[{"embeddable":true,"href":"https:\/\/koolekidz.de\/startseite\/wp-json\/wp\/v2\/comments?post=23"}],"version-history":[{"count":6,"href":"https:\/\/koolekidz.de\/startseite\/wp-json\/wp\/v2\/pages\/23\/revisions"}],"predecessor-version":[{"id":47,"href":"https:\/\/koolekidz.de\/startseite\/wp-json\/wp\/v2\/pages\/23\/revisions\/47"}],"wp:attachment":[{"href":"https:\/\/koolekidz.de\/startseite\/wp-json\/wp\/v2\/media?parent=23"}],"curies":[{"name":"wp","href":"https:\/\/api.w.org\/{rel}","templated":true}]}}