{"id":2,"date":"2025-06-24T21:23:29","date_gmt":"2025-06-24T21:23:29","guid":{"rendered":"https:\/\/koolekidz.de\/?page_id=2"},"modified":"2025-10-09T07:37:56","modified_gmt":"2025-10-09T07:37:56","slug":"satzung","status":"publish","type":"page","link":"https:\/\/koolekidz.de\/startseite\/satzung\/","title":{"rendered":"Satzung"},"content":{"rendered":"\n<p><strong>Satzung des F\u00f6rdervereins \u201eF\u00f6rderverein f\u00fcr die Koolen Kidz im Schulamtsbezirk Bergstra\u00dfe-Odenwald e. V.\u201c<\/strong><\/p>\n\n\n\n<hr class=\"wp-block-separator has-alpha-channel-opacity\"\/>\n\n\n\n<p><strong>\u00a7 1 Name, Sitz, Gesch\u00e4ftsjahr<\/strong><\/p>\n\n\n\n<ol start=\"1\" class=\"wp-block-list\">\n<li>Der Verein f\u00fchrt den Namen\u00a0\u201eF\u00f6rderverein f\u00fcr die Koolen Kidz im Schulamtsbezirk Bergstra\u00dfe-Odenwald e. V.\u201c<\/li>\n\n\n\n<li>Er soll in das Vereinsregister eingetragen werden und f\u00fchrt dann den Zusatz \u201ee. V.\u201c<\/li>\n\n\n\n<li>Der Verein hat seinen Sitz in\u00a0Heppenheim.<\/li>\n\n\n\n<li>Das Gesch\u00e4ftsjahr ist das Kalenderjahr.<\/li>\n<\/ol>\n\n\n\n<hr class=\"wp-block-separator has-alpha-channel-opacity\"\/>\n\n\n\n<p><strong>\u00a7 2 Zweck des Vereins<\/strong><\/p>\n\n\n\n<ol start=\"1\" class=\"wp-block-list\">\n<li>Der Verein verfolgt das Ziel, die schulersetzende Ma\u00dfnahme \u201eKoole Kidz\u201c des Staatlichen Schulamtes f\u00fcr den Landkreis Bergstra\u00dfe und den Odenwaldkreis zu unterst\u00fctzen. Die Ma\u00dfnahme \u201eKoole Kidz\u201c bietet Jugendlichen mit herausforderndem Verhalten eine tempor\u00e4re Bildungs- und Sozialma\u00dfnahme, wenn eine Beschulung an einer Regelschule scheitert. Sie erm\u00f6glicht es den Jugendlichen des Landkreises Bergstra\u00dfe und des Odenwaldkreises, sofern das entsprechende inklusive Schulb\u00fcndnis eine Koole-Kidz-Gruppe installiert, ihre Lern- und Sozialkompetenzen mit Unterst\u00fctzung eines multiprofessionellen Teams zu st\u00e4rken, mit dem Ziel, sie nachhaltig in das Regelschulsystem zu reintegrieren.<\/li>\n\n\n\n<li>Der Satzungszweck wird insbesondere verwirklicht durch:\n<ul class=\"wp-block-list\">\n<li>Finanzielle und ideelle Unterst\u00fctzung des Projektes \u201eKoole Kidz\u201c<\/li>\n\n\n\n<li>Finanzierung der Miete f\u00fcr die R\u00e4umlichkeiten, die f\u00fcr die Ma\u00dfnahme der \u201eKoolen Kidz\u201c genutzt werden<\/li>\n\n\n\n<li>Finanzielle Unterst\u00fctzung zur Beschaffung von Lehr- und Lernmitteln sowie zur Anschaffung von technischer Ausstattung und Mobiliar. Dazu z\u00e4hlen zum einen Verbrauchsmaterialien aber auch einmalige Anschaffungen zur Einrichtung der Lernumgebung<\/li>\n\n\n\n<li>F\u00f6rderung sozialer, musischer, sportlicher, erlebnisp\u00e4dagogischer und kultureller Aktivit\u00e4ten der Jugendlichen<\/li>\n\n\n\n<li>Verg\u00fctung von Fachkr\u00e4ften im Rahmen von Dienstleistungsvertr\u00e4gen<\/li>\n\n\n\n<li>F\u00f6rderung der Gesundheitspr\u00e4vention sowie lebenspraktischer F\u00e4higkeiten der Jugendlichen (wie z.B. Erm\u00f6glichung von gemeinsamem Einkaufen und Kochen)<\/li>\n\n\n\n<li>F\u00f6rderung von Transportm\u00f6glichkeiten zu den R\u00e4umlichkeiten der \u201eKoolen Kidz\u201c sowie Bef\u00f6rderung zu gemeinsamen Aktivit\u00e4ten<\/li>\n\n\n\n<li>Finanzielle Unterst\u00fctzung zur Durchf\u00fchrung einer wissenschaftlichen Evaluation des Projektes<\/li>\n<\/ul>\n<\/li>\n\n\n\n<li>\u00dcbergeordnetes Ziel ist es, die pers\u00f6nliche Entwicklung und Bildung der Jugendlichen zu f\u00f6rdern und ihnen eine neue Perspektive zu er\u00f6ffnen, indem sie unter anderem soziale Kompetenzen, Selbstregulation, Eigenverantwortung und Lernstrategien erlernen und festigen.<\/li>\n\n\n\n<li>Der Verein ist \u00fcberkonfessionell und parteipolitisch neutral.<\/li>\n<\/ol>\n\n\n\n<hr class=\"wp-block-separator has-alpha-channel-opacity\"\/>\n\n\n\n<p><strong>\u00a7 3 Gemeinn\u00fctzigkeit<\/strong><\/p>\n\n\n\n<ol start=\"1\" class=\"wp-block-list\">\n<li>Der Verein verfolgt ausschlie\u00dflich und unmittelbar gemeinn\u00fctzige Zwecke im Sinne des Abschnitts \u201esteuerbeg\u00fcnstigte Zwecke\u201c der Abgabenordnung.<\/li>\n\n\n\n<li>Der Verein ist selbstlos t\u00e4tig; er verfolgt nicht in erster Linie eigenwirtschaftliche Zwecke.<\/li>\n\n\n\n<li>Mittel des Vereins d\u00fcrfen nur f\u00fcr die satzungsgem\u00e4\u00dfen Zwecke verwendet werden.<\/li>\n\n\n\n<li>Die Mitglieder erhalten keine Zuwendungen aus Mitteln des Vereins.<\/li>\n\n\n\n<li>Es darf keine Person durch Ausgaben, die dem Zweck des Vereins fremd sind, oder durch unverh\u00e4ltnism\u00e4\u00dfig hohe Verg\u00fctungen beg\u00fcnstigt werden.<\/li>\n<\/ol>\n\n\n\n<hr class=\"wp-block-separator has-alpha-channel-opacity\"\/>\n\n\n\n<p><strong>\u00a7 4 Mitgliedschaft<\/strong><\/p>\n\n\n\n<ol start=\"1\" class=\"wp-block-list\">\n<li>Mitglied kann jede nat\u00fcrliche oder juristische Person werden, die die Ziele des Vereins unterst\u00fctzt.<\/li>\n\n\n\n<li>Der Antrag auf Mitgliedschaft ist schriftlich an den Vorstand zu richten.<\/li>\n\n\n\n<li>\u00dcber die Aufnahme entscheidet der Vorstand.<\/li>\n\n\n\n<li>Die Mitgliedschaft endet durch Austritt, Ausschluss oder Tod.<\/li>\n\n\n\n<li>Der Austritt ist schriftlich gegen\u00fcber dem Vorstand zu erkl\u00e4ren.<\/li>\n\n\n\n<li>Ein Mitglied kann durch Beschluss des Vorstands ausgeschlossen werden, wenn es dem Vereinszweck zuwiderhandelt oder trotz Mahnung mit der Zahlung des Mitgliedsbeitrags in Verzug ist.<\/li>\n<\/ol>\n\n\n\n<hr class=\"wp-block-separator has-alpha-channel-opacity\"\/>\n\n\n\n<p><strong>\u00a7 5 Beitr\u00e4ge<\/strong><\/p>\n\n\n\n<ol start=\"1\" class=\"wp-block-list\">\n<li>Es werden Mitgliedsbeitr\u00e4ge erhoben.<\/li>\n\n\n\n<li>Die H\u00f6he und F\u00e4lligkeit der Beitr\u00e4ge wird von der Mitgliederversammlung beschlossen und in einer separaten Geb\u00fchrenordnung festgelegt. Zahlbar j\u00e4hrlich.<\/li>\n\n\n\n<li>Auf Antrag k\u00f6nnen Beitr\u00e4ge vom Vorstand erlassen oder gestundet werden. Die Entscheidung \u00fcber Erlass oder Stundung von Beitr\u00e4gen durch den Vorstand ist schriftlich zu dokumentieren und unter Angabe von Gr\u00fcnden den betroffenen Mitgliedern mitzuteilen. Kriterien f\u00fcr die Entscheidungsfindung k\u00f6nnen soziale H\u00e4rtef\u00e4lle oder au\u00dfergew\u00f6hnliche wirtschaftliche Notlagen sein.<\/li>\n<\/ol>\n\n\n\n<hr class=\"wp-block-separator has-alpha-channel-opacity\"\/>\n\n\n\n<p><strong>\u00a7 6 Organe des Vereins<\/strong><\/p>\n\n\n\n<p>Organe des Vereins sind:<\/p>\n\n\n\n<ol start=\"1\" class=\"wp-block-list\">\n<li>die Mitgliederversammlung<\/li>\n\n\n\n<li>der Vorstand<\/li>\n<\/ol>\n\n\n\n<hr class=\"wp-block-separator has-alpha-channel-opacity\"\/>\n\n\n\n<p><strong>\u00a7 7 Mitgliederversammlung<\/strong><\/p>\n\n\n\n<ol start=\"1\" class=\"wp-block-list\">\n<li>Die Mitgliederversammlung ist das oberste Organ des Vereins.<\/li>\n\n\n\n<li>Sie findet mindestens einmal j\u00e4hrlich statt.<\/li>\n\n\n\n<li>Eine au\u00dferordentliche Mitgliederversammlung ist einzuberufen, wenn das Interesse des Vereins es erfordert oder ein Viertel der Mitglieder dies schriftlich beantragt.<\/li>\n\n\n\n<li>Die Einberufung erfolgt schriftlich (auch per E-Mail) durch den Vorstand unter Einhaltung einer Frist von zwei Wochen.<\/li>\n\n\n\n<li>Die Mitgliederversammlung ist beschlussf\u00e4hig, wenn sie ordnungsgem\u00e4\u00df einberufen wurde.<\/li>\n\n\n\n<li>Sie entscheidet mit einfacher Mehrheit der anwesenden Mitglieder.<\/li>\n\n\n\n<li>Satzungs\u00e4nderungen und die Aufl\u00f6sung des Vereins bed\u00fcrfen einer 2\/3-Mehrheit.<\/li>\n<\/ol>\n\n\n\n<hr class=\"wp-block-separator has-alpha-channel-opacity\"\/>\n\n\n\n<p><strong>\u00a7 8 Vorstand<\/strong><\/p>\n\n\n\n<ol start=\"1\" class=\"wp-block-list\">\n<li>Der Vorstand besteht aus:\n<ul class=\"wp-block-list\">\n<li>der\/dem Vorsitzenden<\/li>\n\n\n\n<li>der\/dem stellvertretenden Vorsitzenden<\/li>\n\n\n\n<li>der\/dem Kassenwart\/in<\/li>\n\n\n\n<li>ggf. weiteren Beisitzer\/innen (maximal 2)<\/li>\n<\/ul>\n<\/li>\n\n\n\n<li>Der Vorstand wird von der Mitgliederversammlung auf die Dauer von zwei Jahren gew\u00e4hlt. Vorstandsmitglieder k\u00f6nnen nur Mitglieder des Vereins werden.Wiederwahl ist m\u00f6glich.<\/li>\n\n\n\n<li>Der Vorstand bleibt so lange im Amt, bis ein neuer Vorstand gew\u00e4hlt ist. Bei Beendigung der Mitgliedschaft im Verein endet auch das Amt als Vorstand.<\/li>\n\n\n\n<li>Vorstand im Sinne des \u00a7 26 BGB sind der\/die Vorsitzende und der\/die stellvertretende Vorsitzende; sie vertreten den Verein gerichtlich und au\u00dfergerichtlich jeweils allein.<\/li>\n\n\n\n<li>Der Vorstand f\u00fchrt die Gesch\u00e4fte ehrenamtlich.<\/li>\n\n\n\n<li>Der Vorstand bleibt bis zur Neuwahl im Amt. Scheidet ein Vorstandsmitglied vorzeitig aus, so ist eine au\u00dferordentliche Mitgliederversammlung einzuberufen, um \u00fcber die Nachwahl zu entscheiden. Bis dahin kann der Vorstand mit maximaler Mehrheit eine kommissarische Besetzung vornehmen.<\/li>\n<\/ol>\n\n\n\n<hr class=\"wp-block-separator has-alpha-channel-opacity\"\/>\n\n\n\n<p><strong>\u00a7 9 Kassenpr\u00fcfung<\/strong><\/p>\n\n\n\n<ol start=\"1\" class=\"wp-block-list\">\n<li>Die Mitgliederversammlung w\u00e4hlt zwei Kassenpr\u00fcfer\/innen f\u00fcr die Dauer von zwei Jahren. Dabei sollen die Kassenpr\u00fcfer\/innen alternierend gew\u00e4hlt werden.<\/li>\n\n\n\n<li>Sie pr\u00fcfen die ordnungsgem\u00e4\u00dfe Buchf\u00fchrung und berichten der Mitgliederversammlung.<\/li>\n\n\n\n<li>Scheidet eine\/r der gew\u00e4hlten Kassenpr\u00fcfer\/innen vorzeitig aus, wird durch die n\u00e4chste Mitgliederversammlung ein\/e Ersatzpr\u00fcfer\/in f\u00fcr den Rest der Amtszeit gew\u00e4hlt.<\/li>\n<\/ol>\n\n\n\n<hr class=\"wp-block-separator has-alpha-channel-opacity\"\/>\n\n\n\n<p><strong>\u00a7 10 Aufl\u00f6sung des Vereins<\/strong><\/p>\n\n\n\n<ol start=\"1\" class=\"wp-block-list\">\n<li>Bei Aufl\u00f6sung oder Aufhebung der K\u00f6rperschaft oder bei Wegfall steuerbeg\u00fcnstigter Zwecke f\u00e4llt das Verm\u00f6gen der K\u00f6rperschaft an \u201eDeutsches Kinderderhilfswerk e.V\u201c, Leipziger Stra\u00dfe 116-118, 10117 Berlin.<\/li>\n<\/ol>\n\n\n\n<hr class=\"wp-block-separator has-alpha-channel-opacity\"\/>\n\n\n\n<p><strong>Heppenheim, 15.09.2025<\/strong><br><br><\/p>\n\n\n\n<hr class=\"wp-block-separator has-alpha-channel-opacity\"\/>\n","protected":false},"excerpt":{"rendered":"<p>Satzung des F\u00f6rdervereins \u201eF\u00f6rderverein f\u00fcr die Koolen Kidz im Schulamtsbezirk Bergstra\u00dfe-Odenwald e. V.\u201c \u00a7 1 Name, Sitz, Gesch\u00e4ftsjahr \u00a7 2 Zweck des Vereins \u00a7 3 Gemeinn\u00fctzigkeit \u00a7 4 Mitgliedschaft \u00a7 5 Beitr\u00e4ge \u00a7 6 Organe des Vereins Organe des Vereins sind: \u00a7 7 Mitgliederversammlung \u00a7 8 Vorstand \u00a7 9 Kassenpr\u00fcfung \u00a7 10 Aufl\u00f6sung des Vereins [&hellip;]<\/p>\n","protected":false},"author":1,"featured_media":0,"parent":0,"menu_order":0,"comment_status":"closed","ping_status":"open","template":"","meta":{"footnotes":""},"class_list":["post-2","page","type-page","status-publish","hentry"],"_links":{"self":[{"href":"https:\/\/koolekidz.de\/startseite\/wp-json\/wp\/v2\/pages\/2","targetHints":{"allow":["GET"]}}],"collection":[{"href":"https:\/\/koolekidz.de\/startseite\/wp-json\/wp\/v2\/pages"}],"about":[{"href":"https:\/\/koolekidz.de\/startseite\/wp-json\/wp\/v2\/types\/page"}],"author":[{"embeddable":true,"href":"https:\/\/koolekidz.de\/startseite\/wp-json\/wp\/v2\/users\/1"}],"replies":[{"embeddable":true,"href":"https:\/\/koolekidz.de\/startseite\/wp-json\/wp\/v2\/comments?post=2"}],"version-history":[{"count":3,"href":"https:\/\/koolekidz.de\/startseite\/wp-json\/wp\/v2\/pages\/2\/revisions"}],"predecessor-version":[{"id":43,"href":"https:\/\/koolekidz.de\/startseite\/wp-json\/wp\/v2\/pages\/2\/revisions\/43"}],"wp:attachment":[{"href":"https:\/\/koolekidz.de\/startseite\/wp-json\/wp\/v2\/media?parent=2"}],"curies":[{"name":"wp","href":"https:\/\/api.w.org\/{rel}","templated":true}]}}