{"id":106,"date":"2026-01-22T17:08:02","date_gmt":"2026-01-22T17:08:02","guid":{"rendered":"https:\/\/koolekidz.de\/startseite\/?page_id=106"},"modified":"2026-01-22T17:37:35","modified_gmt":"2026-01-22T17:37:35","slug":"aufnahmeantrag","status":"publish","type":"page","link":"https:\/\/koolekidz.de\/startseite\/aufnahmeantrag\/","title":{"rendered":"Aufnahmeantrag"},"content":{"rendered":"\n<p>Sie m\u00f6chten Mitglied in unserem F\u00f6rderverein werden? Sehr gerne! F\u00fcllen Sie dazu den folgenden Aufnahmeantrag aus und schicken Sie diesen an: <a href=\"mailto:info@koolekidz.de\">info@koolekidz.de<\/a><\/p>\n\n\n\n<div data-wp-interactive=\"core\/file\" class=\"wp-block-file\"><object data-wp-bind--hidden=\"!state.hasPdfPreview\" hidden class=\"wp-block-file__embed\" data=\"https:\/\/koolekidz.de\/wp-content\/uploads\/2026\/01\/Aufnahmeantrag-Koole-Kidz-ausfuellbar.pdf\" type=\"application\/pdf\" style=\"width:100%;height:600px\" aria-label=\"Einbettung von Aufnahmeantrag Koole Kidz ausfu\u0308llbar.\"><\/object><a id=\"wp-block-file--media-57290a95-47a7-4a66-bbfb-6fdbd8a9d785\" href=\"https:\/\/koolekidz.de\/wp-content\/uploads\/2026\/01\/Aufnahmeantrag-Koole-Kidz-ausfuellbar.pdf\">Aufnahmeantrag Koole Kidz ausfu\u0308llbar<\/a><a href=\"https:\/\/koolekidz.de\/wp-content\/uploads\/2026\/01\/Aufnahmeantrag-Koole-Kidz-ausfuellbar.pdf\" class=\"wp-block-file__button wp-element-button\" download aria-describedby=\"wp-block-file--media-57290a95-47a7-4a66-bbfb-6fdbd8a9d785\">Herunterladen<\/a><\/div>\n","protected":false},"excerpt":{"rendered":"<p>Sie m\u00f6chten Mitglied in unserem F\u00f6rderverein werden? Sehr gerne! F\u00fcllen Sie dazu den folgenden Aufnahmeantrag aus und schicken Sie diesen an: info@koolekidz.de<\/p>\n","protected":false},"author":1,"featured_media":0,"parent":0,"menu_order":0,"comment_status":"closed","ping_status":"closed","template":"","meta":{"footnotes":""},"class_list":["post-106","page","type-page","status-publish","hentry"],"_links":{"self":[{"href":"https:\/\/koolekidz.de\/startseite\/wp-json\/wp\/v2\/pages\/106","targetHints":{"allow":["GET"]}}],"collection":[{"href":"https:\/\/koolekidz.de\/startseite\/wp-json\/wp\/v2\/pages"}],"about":[{"href":"https:\/\/koolekidz.de\/startseite\/wp-json\/wp\/v2\/types\/page"}],"author":[{"embeddable":true,"href":"https:\/\/koolekidz.de\/startseite\/wp-json\/wp\/v2\/users\/1"}],"replies":[{"embeddable":true,"href":"https:\/\/koolekidz.de\/startseite\/wp-json\/wp\/v2\/comments?post=106"}],"version-history":[{"count":2,"href":"https:\/\/koolekidz.de\/startseite\/wp-json\/wp\/v2\/pages\/106\/revisions"}],"predecessor-version":[{"id":129,"href":"https:\/\/koolekidz.de\/startseite\/wp-json\/wp\/v2\/pages\/106\/revisions\/129"}],"wp:attachment":[{"href":"https:\/\/koolekidz.de\/startseite\/wp-json\/wp\/v2\/media?parent=106"}],"curies":[{"name":"wp","href":"https:\/\/api.w.org\/{rel}","templated":true}]}}